{"id":2,"date":"2022-12-16T22:23:27","date_gmt":"2022-12-16T22:23:27","guid":{"rendered":"http:\/\/joincorporativo.com\/home\/?page_id=2"},"modified":"2023-06-09T22:28:47","modified_gmt":"2023-06-09T22:28:47","slug":"pagina-ejemplo","status":"publish","type":"page","link":"https:\/\/joincorporativo.com\/home\/","title":{"rendered":""},"content":{"rendered":"\n<h2 class=\"wp-block-heading has-text-align-center\">En Join Corporativo tenemos un objetivo definido.<\/h2>\n\n\n\n<p class=\"has-text-align-center has-white-color has-black-background-color has-text-color has-background\">Contribuir al desarrollo econ\u00f3mico y calidad de vida de nuestros clientes y usuarios, desde flancos considerado esenciales para la proyecci\u00f3n social y el bienestar com\u00fan.<\/p>\n\n\n\n<p class=\"has-text-align-center has-white-color has-black-background-color has-text-color has-background\"><strong>Join<\/strong> es un corporativo incubador de marcas capaces de auto proyectarse, contemplando el crecimiento empresarial en \u00e1reas de oportunidad que consideramos indispensables, estableciendo la posibilidad de detectar nuevas oportunidades de negocio.<\/p>\n\n\n\n<h2 class=\"wp-block-heading has-text-align-center has-white-color has-black-background-color has-text-color has-background\">NUESTRAS MARCAS<\/h2>\n\n\n\t\n\t\t<div id=\"gs_logo_area_52\" class=\"gs_logo_area gs_logo_area_52 slider1\" style=\"opacity: 0; visibility: hidden;\">\n\t\t\t<div class=\"gs_logo_area--inner\">\n\t\n\t\t\t\t\n<div class=\"gs_logo_container gs_carousel_swiper gs_logo_fix_height_and_center\" data-carousel-config='{\"direction\":\"horizontal\",\"speed\":500,\"isAutoplay\":true,\"autoplayDelay\":2000,\"loop\":true,\"pauseOnHover\":true,\"ticker\":false,\"navs\":true,\"navs_pos\":\"bottom\",\"dots\":false,\"dynamic_dots\":true,\"slideSpace\":10,\"slidesPerGroup\":1,\"desktopLogos\":3,\"tabletLogos\":3,\"mobileLogos\":2,\"reverseDirection\":false}'>\n\n\t\n\t\t\n\t\t\t<div class=\"gs_logo_single--wrapper\">\n\t\t\t\t<div class=\"gs_logo_single\">\n\n\t\t\t\t\t<!-- Logo Img -->\n\t\t\t\t\t<img width=\"635\" height=\"635\" src=\"https:\/\/joincorporativo.com\/home\/wp-content\/uploads\/2025\/07\/ORBIMEDIX-OPTICAS-2025.png\" class=\"def_to_gray  gs-logo--img wp-post-image\" alt=\"\" decoding=\"async\" loading=\"lazy\" title=\"Orbiomedix \u00d3ptica\" srcset=\"https:\/\/joincorporativo.com\/home\/wp-content\/uploads\/2025\/07\/ORBIMEDIX-OPTICAS-2025.png 635w, https:\/\/joincorporativo.com\/home\/wp-content\/uploads\/2025\/07\/ORBIMEDIX-OPTICAS-2025-300x300.png 300w, https:\/\/joincorporativo.com\/home\/wp-content\/uploads\/2025\/07\/ORBIMEDIX-OPTICAS-2025-150x150.png 150w\" sizes=\"(max-width: 635px) 100vw, 635px\" \/>\n\t\t\t\t\t<!-- Logo Title -->\n\t\t\t\t\t<h3 class=\"gs_logo_title\">Orbiomedix \u00d3ptica<\/h3>\t\t\t\t\t\n\t\t\t\t\t<!-- Logo Category -->\n\t\t\t\t\t\t\t\t\t\t\n\t\t\t\t<\/div>\n\t\t\t<\/div>\n\n\t\t\n\t\t\t<div class=\"gs_logo_single--wrapper\">\n\t\t\t\t<div class=\"gs_logo_single\">\n\n\t\t\t\t\t<!-- Logo Img -->\n\t\t\t\t\t<a href=\"https:\/\/distribuidorabuboba.com\/\" target=\"_blank\" rel=\"noopener\"><img width=\"600\" height=\"600\" src=\"https:\/\/joincorporativo.com\/home\/wp-content\/uploads\/2023\/06\/buboba-join.png\" class=\"def_to_gray  gs-logo--img wp-post-image\" alt=\"\" decoding=\"async\" loading=\"lazy\" title=\"Distribuidora BUBOBA\" srcset=\"https:\/\/joincorporativo.com\/home\/wp-content\/uploads\/2023\/06\/buboba-join.png 600w, https:\/\/joincorporativo.com\/home\/wp-content\/uploads\/2023\/06\/buboba-join-300x300.png 300w, https:\/\/joincorporativo.com\/home\/wp-content\/uploads\/2023\/06\/buboba-join-150x150.png 150w\" sizes=\"(max-width: 600px) 100vw, 600px\" \/><\/a>\n\t\t\t\t\t<!-- Logo Title -->\n\t\t\t\t\t<h3 class=\"gs_logo_title\">Distribuidora BUBOBA<\/h3>\t\t\t\t\t\n\t\t\t\t\t<!-- Logo Category -->\n\t\t\t\t\t\t\t\t\t\t\n\t\t\t\t<\/div>\n\t\t\t<\/div>\n\n\t\t\n\t\t\t<div class=\"gs_logo_single--wrapper\">\n\t\t\t\t<div class=\"gs_logo_single\">\n\n\t\t\t\t\t<!-- Logo Img -->\n\t\t\t\t\t<img width=\"635\" height=\"635\" src=\"https:\/\/joincorporativo.com\/home\/wp-content\/uploads\/2024\/02\/ORBIMEDIX-INSUMOS-2025.png\" class=\"def_to_gray  gs-logo--img wp-post-image\" alt=\"\" decoding=\"async\" loading=\"lazy\" title=\"Orbimedix Insumos\" srcset=\"https:\/\/joincorporativo.com\/home\/wp-content\/uploads\/2024\/02\/ORBIMEDIX-INSUMOS-2025.png 635w, https:\/\/joincorporativo.com\/home\/wp-content\/uploads\/2024\/02\/ORBIMEDIX-INSUMOS-2025-300x300.png 300w, https:\/\/joincorporativo.com\/home\/wp-content\/uploads\/2024\/02\/ORBIMEDIX-INSUMOS-2025-150x150.png 150w\" sizes=\"(max-width: 635px) 100vw, 635px\" \/>\n\t\t\t\t\t<!-- Logo Title -->\n\t\t\t\t\t<h3 class=\"gs_logo_title\">Orbimedix Insumos<\/h3>\t\t\t\t\t\n\t\t\t\t\t<!-- Logo Category -->\n\t\t\t\t\t\t\t\t\t\t\n\t\t\t\t<\/div>\n\t\t\t<\/div>\n\n\t\t\n\t\t\t<div class=\"gs_logo_single--wrapper\">\n\t\t\t\t<div class=\"gs_logo_single\">\n\n\t\t\t\t\t<!-- Logo Img -->\n\t\t\t\t\t<a href=\"https:\/\/mimundoconcristo.org\" target=\"_blank\" rel=\"noopener\"><img width=\"600\" height=\"600\" src=\"https:\/\/joincorporativo.com\/home\/wp-content\/uploads\/2023\/06\/mmcc-join.png\" class=\"def_to_gray  gs-logo--img wp-post-image\" alt=\"\" decoding=\"async\" loading=\"lazy\" title=\"Mi mundo con Cristo\" srcset=\"https:\/\/joincorporativo.com\/home\/wp-content\/uploads\/2023\/06\/mmcc-join.png 600w, https:\/\/joincorporativo.com\/home\/wp-content\/uploads\/2023\/06\/mmcc-join-300x300.png 300w, https:\/\/joincorporativo.com\/home\/wp-content\/uploads\/2023\/06\/mmcc-join-150x150.png 150w\" sizes=\"(max-width: 600px) 100vw, 600px\" \/><\/a>\n\t\t\t\t\t<!-- Logo Title -->\n\t\t\t\t\t<h3 class=\"gs_logo_title\">Mi mundo con Cristo<\/h3>\t\t\t\t\t\n\t\t\t\t\t<!-- Logo Category -->\n\t\t\t\t\t\t\t\t\t\t\n\t\t\t\t<\/div>\n\t\t\t<\/div>\n\n\t\t\n\t\t\t<div class=\"gs_logo_single--wrapper\">\n\t\t\t\t<div class=\"gs_logo_single\">\n\n\t\t\t\t\t<!-- Logo Img -->\n\t\t\t\t\t<a href=\"https:\/\/iobusco.com\" target=\"_blank\" rel=\"noopener\"><img width=\"600\" height=\"600\" src=\"https:\/\/joincorporativo.com\/home\/wp-content\/uploads\/2023\/06\/iobusco-join.png\" class=\"def_to_gray  gs-logo--img wp-post-image\" alt=\"\" decoding=\"async\" loading=\"lazy\" title=\"Iobusco\" srcset=\"https:\/\/joincorporativo.com\/home\/wp-content\/uploads\/2023\/06\/iobusco-join.png 600w, https:\/\/joincorporativo.com\/home\/wp-content\/uploads\/2023\/06\/iobusco-join-300x300.png 300w, https:\/\/joincorporativo.com\/home\/wp-content\/uploads\/2023\/06\/iobusco-join-150x150.png 150w\" sizes=\"(max-width: 600px) 100vw, 600px\" \/><\/a>\n\t\t\t\t\t<!-- Logo Title -->\n\t\t\t\t\t<h3 class=\"gs_logo_title\">Iobusco<\/h3>\t\t\t\t\t\n\t\t\t\t\t<!-- Logo Category -->\n\t\t\t\t\t\t\t\t\t\t\n\t\t\t\t<\/div>\n\t\t\t<\/div>\n\n\t\t\n\t\t\t<div class=\"gs_logo_single--wrapper\">\n\t\t\t\t<div class=\"gs_logo_single\">\n\n\t\t\t\t\t<!-- Logo Img -->\n\t\t\t\t\t<a href=\"https:\/\/orbimedix.com\" target=\"_blank\" rel=\"noopener\"><img width=\"300\" height=\"300\" src=\"https:\/\/joincorporativo.com\/home\/wp-content\/uploads\/2023\/06\/orbimedix-join-300x300-1.png\" class=\"def_to_gray  gs-logo--img wp-post-image\" alt=\"\" decoding=\"async\" loading=\"lazy\" title=\"Orbimedix\" srcset=\"https:\/\/joincorporativo.com\/home\/wp-content\/uploads\/2023\/06\/orbimedix-join-300x300-1.png 300w, https:\/\/joincorporativo.com\/home\/wp-content\/uploads\/2023\/06\/orbimedix-join-300x300-1-150x150.png 150w\" sizes=\"(max-width: 300px) 100vw, 300px\" \/><\/a>\n\t\t\t\t\t<!-- Logo Title -->\n\t\t\t\t\t<h3 class=\"gs_logo_title\">Orbimedix<\/h3>\t\t\t\t\t\n\t\t\t\t\t<!-- Logo Category -->\n\t\t\t\t\t\t\t\t\t\t\n\t\t\t\t<\/div>\n\t\t\t<\/div>\n\n\t\t\t\t\n\t\n<\/div>\t\t\t<\/div>\n\t\t<\/div>\n\t\n\t\t<style>#gs_logo_area_52:not(.verticaltickerdown):not(.verticalticker) .gs_logo_container{margin-left:-5px}#gs_logo_area_52:not(.verticaltickerdown):not(.verticalticker) .gs_logo_container{margin-right:-5px}#gs_logo_area_52:not(.verticaltickerdown):not(.verticalticker) .gs_logo_single--wrapper{padding:5px}#gs_logo_area_52 ul.gs-logo-filter-cats{text-align:center!important}#gs_logo_area_52 .gs_logo_single--wrapper{width:33.333333333333%}@media (max-width:1023px){#gs_logo_area_52 .gs_logo_single--wrapper{width:33.333333333333%}}@media (max-width:767px){#gs_logo_area_52 .gs_logo_single--wrapper{width:50%}}<\/style>\n\n\n\n<hr class=\"wp-block-separator has-alpha-channel-opacity\"\/>\n\n\n\n<h5 class=\"wp-block-heading has-text-align-center has-white-color has-black-background-color has-text-color has-background\" style=\"font-style:normal;font-weight:100\"><strong>Contacto: direcci\u00f3n@joincorporativo.com<\/strong><\/h5>\n","protected":false},"excerpt":{"rendered":"<p>En Join Corporativo tenemos un objetivo definido. Contribuir al desarrollo econ\u00f3mico y calidad de vida de nuestros clientes y usuarios, desde flancos considerado esenciales para la proyecci\u00f3n social y el bienestar com\u00fan. Join es un corporativo incubador de marcas capaces &hellip; <a href=\"https:\/\/joincorporativo.com\/home\/?gs-logo-slider=orbimedix\">Continuar<\/a><\/p>\n","protected":false},"author":1,"featured_media":79,"parent":0,"menu_order":0,"comment_status":"closed","ping_status":"open","template":"","meta":[],"_links":{"self":[{"href":"https:\/\/joincorporativo.com\/home\/index.php\/wp-json\/wp\/v2\/pages\/2"}],"collection":[{"href":"https:\/\/joincorporativo.com\/home\/index.php\/wp-json\/wp\/v2\/pages"}],"about":[{"href":"https:\/\/joincorporativo.com\/home\/index.php\/wp-json\/wp\/v2\/types\/page"}],"author":[{"embeddable":true,"href":"https:\/\/joincorporativo.com\/home\/index.php\/wp-json\/wp\/v2\/users\/1"}],"replies":[{"embeddable":true,"href":"https:\/\/joincorporativo.com\/home\/index.php\/wp-json\/wp\/v2\/comments?post=2"}],"version-history":[{"count":26,"href":"https:\/\/joincorporativo.com\/home\/index.php\/wp-json\/wp\/v2\/pages\/2\/revisions"}],"predecessor-version":[{"id":167,"href":"https:\/\/joincorporativo.com\/home\/index.php\/wp-json\/wp\/v2\/pages\/2\/revisions\/167"}],"wp:featuredmedia":[{"embeddable":true,"href":"https:\/\/joincorporativo.com\/home\/index.php\/wp-json\/wp\/v2\/media\/79"}],"wp:attachment":[{"href":"https:\/\/joincorporativo.com\/home\/index.php\/wp-json\/wp\/v2\/media?parent=2"}],"curies":[{"name":"wp","href":"https:\/\/api.w.org\/{rel}","templated":true}]}}